{"id":3,"date":"2021-04-03T18:51:57","date_gmt":"2021-04-03T16:51:57","guid":{"rendered":"http:\/\/localhost\/?page_id=3"},"modified":"2024-11-18T23:28:37","modified_gmt":"2024-11-18T22:28:37","slug":"datenschutzerklaerung","status":"publish","type":"page","link":"https:\/\/gaesti.haus\/index.php\/datenschutzerklaerung\/","title":{"rendered":"Datenschutzerkl\u00e4rung"},"content":{"rendered":"<div data-colibri-id=\"3-c1\" class=\"style-734 style-local-3-c1 position-relative\">\n  <!---->\n  <div data-colibri-component=\"section\" data-colibri-id=\"3-c2\" id=\"initial-content\" class=\"h-section h-section-global-spacing d-flex align-items-lg-center align-items-md-center align-items-center style-735 style-local-3-c2 position-relative\">\n    <!---->\n    <!---->\n    <div class=\"h-section-grid-container h-section-boxed-container\">\n      <!---->\n      <div data-colibri-id=\"3-c3\" class=\"h-row-container gutters-row-lg-2 gutters-row-md-2 gutters-row-0 gutters-row-v-lg-2 gutters-row-v-md-2 gutters-row-v-2 style-743 style-local-3-c3 position-relative\">\n        <!---->\n        <div class=\"h-row justify-content-lg-center justify-content-md-center justify-content-center align-items-lg-stretch align-items-md-stretch align-items-stretch gutters-col-lg-2 gutters-col-md-2 gutters-col-0 gutters-col-v-lg-2 gutters-col-v-md-2 gutters-col-v-2\">\n          <!---->\n          <div class=\"h-column h-column-container d-flex h-col-lg-auto h-col-md-auto h-col-auto style-744-outer style-local-3-c4-outer\">\n            <div data-colibri-id=\"3-c4\" class=\"d-flex h-flex-basis h-column__inner h-px-lg-2 h-px-md-2 h-px-2 v-inner-lg-2 v-inner-md-2 v-inner-2 style-744 style-local-3-c4 position-relative\">\n              <!---->\n              <!---->\n              <div class=\"w-100 h-y-container h-column__content h-column__v-align flex-basis-100 align-self-lg-start align-self-md-start align-self-start\">\n                <!---->\n                <div data-colibri-id=\"3-c5\" class=\"h-text h-text-component style-745 style-local-3-c5 position-relative h-element\">\n                  <!---->\n                  <!---->\n                  <div class=\"\">\n                    <h2><strong>Datenschutzerkl\u00e4rung<\/strong><\/h2>\n                    <p>Wir informieren dich nachfolgend gem\u00e4\u00df den gesetzlichen Vorgaben des Datenschutzrechts (insb. gem\u00e4\u00df BDSG n.F. und der europ\u00e4ischen Datenschutz-Grundverordnung \u201aDS-GVO\u2018) \u00fcber die Art, den Umfang und Zweck der Verarbeitung personenbezogener\n                      Daten durch unsere Vereinigung auf unserer Website. Bez\u00fcglich der Definition von Begriffen wie etwa \u201epersonenbezogene Daten\u201c oder \u201eVerarbeitung\u201c verweisen wir auf Art. 4 DS-GVO.<\/p>\n                    <h4>Name und Kontaktdaten der Verantwortlichen<\/h4>\n                    <p>Unser\/e Verantwortliche\/r (nachfolgend \u201eVerantwortliche\u201c) i.S.d. Art. 4 Zif. 7 DS-GVO ist:<\/p>\n                    <p>G\u00e4st_innenhaus Jakob e.V.\n                      <br>Buchhainer Stra\u00dfe 8\n                      <br>35315, Homberg (Ohm), Deutschland\n                      <br>Registergericht: Amtsgericht Gie\u00dfen\n                      <br>E-Mail-Adresse: mail@gaesti.haus<\/p>\n                    <h4>Datenarten, Zwecke der Verarbeitung und Kategorien betroffener Personen<\/h4>\n                    <p>Nachfolgend informieren wir dich \u00fcber Art, Umfang und Zweck der Erhebung, Verarbeitung und Nutzung personenbezogener Daten.<\/p>\n                    <p><span style=\"font-weight: 700;\">1. Arten der Daten, die wir verarbeiten<\/span><\/p>\n                    <p>Nutzungsdaten (Zugriffszeiten, besuchte Websites etc.), Kommunikationsdaten (IP-Adresse etc.),<\/p>\n                    <p><span style=\"font-weight: 700;\">2. Zwecke der Verarbeitung nach Art. 13 Abs. 1 c) DS-GVO<\/span><\/p>\n                    <p>Websites mit Funktionen und Inhalten bereitstellen,<\/p>\n                    <p><span style=\"font-weight: 700;\">3. Kategorien der betroffenen Personen nach Art. 13 Abs. 1 e) DS-GVO<\/span><\/p>\n                    <p>Besucher\/Nutzer der Website,<\/p>\n                    <p>Die betroffenen Personen werden zusammenfassend als \u201eNutzerinnen\u201c bezeichnet.<\/p>\n                    <h4>Weitergabe personenbezogener Daten an Dritte und Auftragsverarbeiter<\/h4>\n                    <p>Ohne deine Einwilligung geben wir grunds\u00e4tzlich keine Daten an Dritte weiter. Sollte dies doch der Fall sein, dann erfolgt die Weitergabe auf der Grundlage der zuvor genannten Rechtsgrundlagen z.B. aufgrund gerichtlicher Anordnung\n                      oder wegen einer gesetzlichen Verpflichtung zur Herausgabe der Daten zum Zwecke der Strafverfolgung, zur Gefahrenabwehr oder zur Durchsetzung der Rechte am geistigen Eigentum.<\/p>\n                    <p>Wir setzen zudem Auftragsverarbeiter (externe Dienstleister z.B. zum Webhosting unserer Websites und Datenbanken) zur Verarbeitung deiner Daten ein. Wenn im Rahmen einer Vereinbarung zur Auftragsverarbeitung an die Auftragsverarbeiter\n                      Daten weitergegeben werden, erfolgt dies immer nach Art. 28 DS-GVO.<\/p>\n                    <h4>Bereitstellung unserer Website und Erstellung von Logfiles<\/h4>\n                    <p>1. Wenn du unsere Webseite lediglich informatorisch nutzen (also keine Registrierung und auch keine anderweitige \u00dcbermittlung von Informationen), erheben wir nur die personenbezogenen Daten, die dein Browser an unseren Server \u00fcbermittelt.<\/p>\n                    <p>Wenn du unsere Website betrachten m\u00f6chtest, erheben wir die folgenden Daten:<\/p>\n                    <p>\u2022 IP-Adresse\n                      <br>\u2022 Internet-Service-Provider der Nutzerin\n                      <br>\u2022 Datum und Uhrzeit des Abrufs\n                      <br>\u2022 Browsertyp\n                      <br>\u2022 Sprache und Browser-Version\n                      <br>\u2022 Inhalt des Abrufs\n                      <br>\u2022 Zeitzone\n                      <br>\u2022 Zugriffsstatus\/HTTP-Statuscode\n                      <br>\u2022 Datenmenge\n                      <br>\u2022 Websites, von denen die Anforderung kommt\n                      <br>\u2022 Betriebssystem.<\/p>\n                    <p>Eine Speicherung dieser Daten zusammen mit anderen personenbezogenen Daten von dir findet nicht statt.<\/p>\n                    <p>2. Diese Daten dienen dem Zweck der nutzerfreundlichen, funktionsf\u00e4higen und sicheren Auslieferung unserer Website an dich mit Funktionen und Inhalten.<\/p>\n                    <p>3. Rechtsgrundlage hierf\u00fcr ist unser in den obigen Zwecken auch liegendes berechtigtes Interesse an der Datenverarbeitung nach Art. 6 Abs. 1 S.1 lit. f) DS-GVO.<\/p>\n                    <p>4. Wir speichern aus Sicherheitsgr\u00fcnden diese Daten in Server-Logfiles f\u00fcr die Speicherdauer von 30 Tagen. Nach Ablauf dieser Frist werden diese automatisch gel\u00f6scht, es sei denn wir ben\u00f6tigen deren Aufbewahrung zu Beweiszwecken bei\n                      Angriffen auf die Serverinfrastruktur oder anderen Rechtsverletzungen.<\/p>\n                    <h4>Rechte der betroffenen Person<\/h4>\n                    <p><span style=\"font-weight: 700;\">1. Widerspruch oder Widerruf gegen die Verarbeitung deiner Daten<\/span><\/p>\n                    <p>Soweit die Verarbeitung auf deiner Einwilligung gem\u00e4\u00df Art. 6 Abs. 1 S. 1 lit. a), Art. 7 DS-GVO beruht, hast du das Recht, die Einwilligung jederzeit zu widerrufen. Die Rechtm\u00e4\u00dfigkeit der aufgrund der Einwilligung bis zum Widerruf\n                      erfolgten Verarbeitung wird dadurch nicht ber\u00fchrt.<\/p>\n                    <p>Soweit wir die Verarbeitung deiner personenbezogenen Daten auf die Interessenabw\u00e4gung gem\u00e4\u00df Art. 6 Abs. 1 S. 1 lit. f) DS-GVO st\u00fctzen, kannst du Widerspruch gegen die Verarbeitung einlegen. Dies ist der Fall, wenn die Verarbeitung\n                      insbesondere nicht zur Erf\u00fcllung eines Vertrags mit Ihnen erforderlich ist, was von uns jeweils bei der nachfolgenden Beschreibung der Funktionen dargestellt wird. Bei Aus\u00fcbung eines solchen Widerspruchs bitten wir um Darlegung der\n                      Gr\u00fcnde, weshalb wir deine personenbezogenen Daten nicht wie von uns durchgef\u00fchrt verarbeiten sollten. Im Falle deines begr\u00fcndeten Widerspruchs pr\u00fcfen wir die Sachlage und werden entweder die Datenverarbeitung einstellen bzw. anpassen\n                      oder dir unsere zwingenden schutzw\u00fcrdigen Gr\u00fcnde aufzeigen, aufgrund derer wir die Verarbeitung fortf\u00fchren.<\/p>\n                    <p>Das Widerspruchsrecht kannst du kostenfrei aus\u00fcben. \u00dcber deinen Widerspruch kannst du uns unter folgenden Kontaktdaten informieren:<\/p>\n                    <p>G\u00e4st_innenhaus Jakob e.V.\n                      <br>Buchhainer Stra\u00dfe 8\n                      <br>35315, Homberg (Ohm), Deutschland\n                      <br>Registergericht: Amtsgericht Gie\u00dfen\n                      <br>E-Mail-Adresse: mail@gaesti.haus<\/p>\n                    <p><span style=\"font-weight: 700;\">2. Recht auf Auskunft<\/span><\/p>\n                    <p>Du hast das Recht, von uns eine Best\u00e4tigung dar\u00fcber zu verlangen, ob dich betreffende personenbezogene Daten verarbeitet werden. Sofern dies der Fall ist, hast du ein Recht auf Auskunft \u00fcber deine bei uns gespeicherten pers\u00f6nlichen\n                      Daten nach Art. 15 DS-GVO. Dies beinhaltet insbesondere die Auskunft \u00fcber die Verarbeitungszwecke, die Kategorie der personenbezogenen Daten, die Kategorien von Empf\u00e4ngern, gegen\u00fcber denen deine Daten offengelegt wurden oder werden,\n                      die geplante Speicherdauer, die Herkunft deiner Daten, sofern diese nicht direkt bei dir erhoben wurden.<\/p>\n                    <p><span style=\"font-weight: 700;\">3. Recht auf Berichtigung<\/span><\/p>\n                    <p>Du hast ein Recht auf Berichtigung unrichtiger oder auf Vervollst\u00e4ndigung richtiger Daten nach Art. 16 DS-GVO.<\/p>\n                    <p><span style=\"font-weight: 700;\">4. Recht auf L\u00f6schung<\/span><\/p>\n                    <p>Du hast ein Recht auf L\u00f6schung deiner bei uns gespeicherten Daten nach Art. 17 DS-GVO, es sei denn gesetzliche oder vertraglichen Aufbewahrungsfristen oder andere gesetzliche Pflichten bzw. Rechte zur weiteren Speicherung stehen dieser\n                      entgegen.<\/p>\n                    <p><span style=\"font-weight: 700;\">5. Recht auf Einschr\u00e4nkung<\/span><\/p>\n                    <p>Du hast das Recht, eine Einschr\u00e4nkung bei der Verarbeitung deiner personenbezogenen Daten zu verlangen, wenn eine der Voraussetzungen in Art. 18 Abs. 1 lit. a) bis d) DS-GVO erf\u00fcllt ist:<\/p>\n                    <p>\u2022 Wenn du die Richtigkeit der dich betreffenden personenbezogenen f\u00fcr eine Dauer bestreiten, die es der Verantwortlichen erm\u00f6glicht, die Richtigkeit der personenbezogenen Daten zu \u00fcberpr\u00fcfen<\/p>\n                    <p>\u2022 die Verarbeitung unrechtm\u00e4\u00dfig ist und du die L\u00f6schung der personenbezogenen Daten ablehnst und stattdessen die Einschr\u00e4nkung der Nutzung der personenbezogenen Daten verlangst<\/p>\n                    <p>\u2022 die Verantwortliche die personenbezogenen Daten f\u00fcr die Zwecke der Verarbeitung nicht l\u00e4nger ben\u00f6tigt, du diese jedoch zur Geltendmachung, Aus\u00fcbung oder Verteidigung von Rechtsanspr\u00fcchen ben\u00f6tigst, oder<\/p>\n                    <p>\u2022 wenn du Widerspruch gegen die Verarbeitung gem\u00e4\u00df Art. 21 Abs. 1 DS-GVO eingelegt hast und noch nicht feststeht, ob die berechtigten Gr\u00fcnde der Verantwortlichen gegen\u00fcber deinen Gr\u00fcnden \u00fcberwiegen.<\/p>\n                    <p><span style=\"font-weight: 700;\">6. Recht auf Daten\u00fcbertragbarkeit<\/span><\/p>\n                    <p>Du hast ein Recht auf Daten\u00fcbertragbarkeit nach Art. 20 DS-GVO, was bedeutet, dass du die bei uns \u00fcber dich gespeicherten personenbezogenen Daten in einem strukturierten, g\u00e4ngigen und maschinenlesbaren Format erhalten kannst oder die\n                      \u00dcbermittlung an einen anderen Verantwortlichen verlangen kannst.<span style=\"font-weight: 700;\"><br><\/span><\/p>\n                    <p><span style=\"font-weight: 700;\">7. Recht auf Beschwerde<\/span><\/p>\n                    <p>Du hast ein Recht auf Beschwerde bei einer Aufsichtsbeh\u00f6rde. In der Regel kannst du dich hierf\u00fcr an die Aufsichtsbeh\u00f6rde insbesondere in dem Mitgliedstaat deines Aufenthaltsorts, deines Arbeitsplatzes oder des Orts des mutma\u00dflichen\n                      Versto\u00dfes wenden.<\/p>\n                    <p><span style=\"font-weight: 700;\">Datensicherheit<\/span><\/p>\n                    <p>Um alle personenbezogen Daten, die an uns \u00fcbermittelt werden, zu sch\u00fctzen und um sicherzustellen, dass die Datenschutzvorschriften von uns, aber auch unseren externen Dienstleistern eingehalten werden, haben wir geeignete technische\n                      und organisatorische Sicherheitsma\u00dfnahmen getroffen. Deshalb werden unter anderem alle Daten zwischen deinem Browser und unserem Server \u00fcber eine sichere SSL-Verbindung verschl\u00fcsselt \u00fcbertragen.<\/p>\n                    <p>\n                      <br>\n                    <\/p>\n                    <p>Stand: 18.11.2024<\/p>\n                  <\/div>\n                <\/div>\n              <\/div>\n            <\/div>\n          <\/div>\n        <\/div>\n      <\/div>\n    <\/div>\n  <\/div>\n<\/div>","protected":false},"excerpt":{"rendered":"<p>Datenschutzerkl\u00e4rung Wir informieren dich nachfolgend gem\u00e4\u00df den gesetzlichen Vorgaben des Datenschutzrechts (insb. gem\u00e4\u00df BDSG n.F. und der europ\u00e4ischen Datenschutz-Grundverordnung \u201aDS-GVO\u2018) \u00fcber die Art, den Umfang und Zweck der Verarbeitung personenbezogener Daten durch unsere Vereinigung auf unserer Website. Bez\u00fcglich der Definition von Begriffen wie etwa \u201epersonenbezogene Daten\u201c oder \u201eVerarbeitung\u201c verweisen wir auf Art. 4 DS-GVO. Name [&hellip;]<\/p>\n","protected":false},"author":1,"featured_media":0,"parent":0,"menu_order":0,"comment_status":"closed","ping_status":"closed","template":"page-templates\/full-width-page.php","meta":{"footnotes":""},"class_list":["post-3","page","type-page","status-publish","hentry"],"_links":{"self":[{"href":"https:\/\/gaesti.haus\/index.php\/wp-json\/wp\/v2\/pages\/3","targetHints":{"allow":["GET"]}}],"collection":[{"href":"https:\/\/gaesti.haus\/index.php\/wp-json\/wp\/v2\/pages"}],"about":[{"href":"https:\/\/gaesti.haus\/index.php\/wp-json\/wp\/v2\/types\/page"}],"author":[{"embeddable":true,"href":"https:\/\/gaesti.haus\/index.php\/wp-json\/wp\/v2\/users\/1"}],"replies":[{"embeddable":true,"href":"https:\/\/gaesti.haus\/index.php\/wp-json\/wp\/v2\/comments?post=3"}],"version-history":[{"count":12,"href":"https:\/\/gaesti.haus\/index.php\/wp-json\/wp\/v2\/pages\/3\/revisions"}],"predecessor-version":[{"id":7191,"href":"https:\/\/gaesti.haus\/index.php\/wp-json\/wp\/v2\/pages\/3\/revisions\/7191"}],"wp:attachment":[{"href":"https:\/\/gaesti.haus\/index.php\/wp-json\/wp\/v2\/media?parent=3"}],"curies":[{"name":"wp","href":"https:\/\/api.w.org\/{rel}","templated":true}]}}